{"id":539,"date":"2012-06-27T12:30:13","date_gmt":"2012-06-27T09:30:13","guid":{"rendered":"http:\/\/dev.imu.solidangle.fi\/?page_id=539"},"modified":"2020-10-20T12:23:01","modified_gmt":"2020-10-20T09:23:01","slug":"registerbeskrivning","status":"publish","type":"page","link":"https:\/\/jatkasaarenroori.fi\/sv\/guider-och-broschyrer\/registerbeskrivning\/","title":{"rendered":"Registerbeskrivning"},"content":{"rendered":"<p>Sekretesspolicy (2016\/679) (GDPR)<br \/>\nBeredd: 20.10.2020<\/p>\n<p><strong>REGISTERF\u00d6RARE<\/strong><br \/>\nJ\u00e4tk\u00e4saaren j\u00e4tteen putkiker\u00e4ys Oy (JJPOY)<br \/>\nF-nummer: 2346319-8<br \/>\nKyllikinportti 2<br \/>\n00240 Helsinki<\/p>\n<p><strong>Person som sk\u00f6ter register och kontaktuppgifter:<\/strong><br \/>\nJouni Spets,\u00a0Kyllikinportti 2, 00240 Helsinki<br \/>\n(puh. 0405927320)<\/p>\n<p><strong>Registrets namn:<\/strong><br \/>\njatkasaarenroori.fi<\/p>\n<p><strong>Grund f\u00f6r uppr\u00e4tth\u00e5llande av register:<\/strong><br \/>\nGrunden f\u00f6r att h\u00e5lla registret \u00e4r att ta emot, bearbeta och kommunicera feedback fr\u00e5n kunder. Insamlingen av kundfeedback baseras p\u00e5 kundernas eget samtycke att tillhandah\u00e5lla information.<\/p>\n<p><strong>Registrets anv\u00e4ndningssyfte:<\/strong><br \/>\nMottagande av kundkontakter och feedback via e-post fr\u00e5n www.jatkasaarenroori.fi och bearbetning av kundfeedback.<\/p>\n<p><strong>UPGGIFTERNA SOM REGISTRET INNEH\u00c5LLER<br \/>\n<\/strong>Kunderna kan ge f\u00f6ljande information i feedbackformul\u00e4ret:<\/p>\n<ul>\n<li>anledningen till kundfeedback<\/li>\n<li>namn<\/li>\n<li>telefonnummer<\/li>\n<li>e-post<\/li>\n<li>kundfeedbackmeddelande, dvs. information som tillhandah\u00e5lls av kunden sj\u00e4lv<\/li>\n<\/ul>\n<p><strong>STADGEENLIGA INFORMATIONSK\u00c4LLOR<br \/>\n<\/strong>Datak\u00e4llan \u00e4r den information som kunden sj\u00e4lv tillhandah\u00e5ller. Den information som lagras i registret erh\u00e5lls huvudsakligen fr\u00e5n kunden fr\u00e5n meddelanden som skickas med webbformul\u00e4r. Information kan ocks\u00e5 erh\u00e5llas per telefon, via sociala medietj\u00e4nster, avtal, kundm\u00f6ten och andra situationer d\u00e4r kunden avsl\u00f6jar sin information.<\/p>\n<p>Kunder kan vara individer och f\u00f6retag.<\/p>\n<p><strong>UTL\u00c4MNING AV UPPGIFTER<br \/>\n<\/strong>Informationen p\u00e5 webbformul\u00e4ret kommer att skickas till registratorns e-post och kundtj\u00e4nstens underleverant\u00f6r e-post. F\u00f6r att kunna anv\u00e4nda e-post beh\u00f6ver du ett anv\u00e4ndarnamn och l\u00f6senord.<\/p>\n<p>Beroende p\u00e5 kundens \u00e5terkoppling kan informationen vidarebefordras till en tredje part (t.ex. fastighetsf\u00f6rvaltare eller servicecenter) om utredningen kr\u00e4ver det. Informationen kommer inte att avsl\u00f6jas till tredje part om det inte finns ett tydligt behov av att g\u00f6ra det.<\/p>\n<p><strong>NYTTJANDE AV R\u00c4TTIGHETER<br \/>\n<\/strong>Varje kund har r\u00e4tt att veta vilken information om honom eller henne som har lagrats i databasen som beskrivs i denna registerbeskrivning, liksom r\u00e4tten att kr\u00e4va korrigering av felaktig information samt att \u00e5beropa sina r\u00e4ttigheter skyddade av Personuppgiftslagen.<\/p>\n<p>Anv\u00e4ndaren kan f\u00e5 tillg\u00e5ng till sin information en g\u00e5ng under ett kalender\u00e5r gratis. Beg\u00e4ran om tillg\u00e5ng m\u00e5ste l\u00e4mnas in i skriftlig form till den person som ansvarar f\u00f6r register\u00e4renden och beg\u00e4ran m\u00e5ste undertecknas personligen. Den efterfr\u00e5gade informationen kommer att tillhandah\u00e5llas i ett skriftligt format och levereras via post till den adress som kunden har angett.<\/p>\n<p><strong>SKYDD AV REGISTRET<br \/>\n<\/strong>Endast vissa anst\u00e4llda i f\u00f6retag som agerar p\u00e5 uppdrag av och f\u00f6r JJPOY och JJPOY har r\u00e4tt att anv\u00e4nda information om kundfeedback.<\/p>\n<p>Kom ih\u00e5g att Internet inte \u00e4r en skyddad milj\u00f6 och var f\u00f6rsiktig s\u00e5 att du inte avsl\u00f6jar information vars avsl\u00f6jande kan orsaka dig mental, ekonomisk eller annan skada.<\/p>\n","protected":false},"excerpt":{"rendered":"<p>Sekretesspolicy (2016\/679) (GDPR) Beredd: 20.10.2020 REGISTERF\u00d6RARE J\u00e4tk\u00e4saaren j\u00e4tteen putkiker\u00e4ys Oy (JJPOY) F-nummer: 2346319-8 Kyllikinportti 2 00240 Helsinki Person som sk\u00f6ter register och kontaktuppgifter: Jouni Spets,\u00a0Kyllikinportti\u2026<\/p>\n","protected":false},"author":18,"featured_media":0,"parent":433,"menu_order":17,"comment_status":"open","ping_status":"closed","template":"full-width-page.php","meta":{"_acf_changed":false,"footnotes":""},"class_list":["post-539","page","type-page","status-publish","hentry"],"acf":[],"_links":{"self":[{"href":"https:\/\/jatkasaarenroori.fi\/sv\/wp-json\/wp\/v2\/pages\/539","targetHints":{"allow":["GET"]}}],"collection":[{"href":"https:\/\/jatkasaarenroori.fi\/sv\/wp-json\/wp\/v2\/pages"}],"about":[{"href":"https:\/\/jatkasaarenroori.fi\/sv\/wp-json\/wp\/v2\/types\/page"}],"author":[{"embeddable":true,"href":"https:\/\/jatkasaarenroori.fi\/sv\/wp-json\/wp\/v2\/users\/18"}],"replies":[{"embeddable":true,"href":"https:\/\/jatkasaarenroori.fi\/sv\/wp-json\/wp\/v2\/comments?post=539"}],"version-history":[{"count":5,"href":"https:\/\/jatkasaarenroori.fi\/sv\/wp-json\/wp\/v2\/pages\/539\/revisions"}],"predecessor-version":[{"id":2730,"href":"https:\/\/jatkasaarenroori.fi\/sv\/wp-json\/wp\/v2\/pages\/539\/revisions\/2730"}],"up":[{"embeddable":true,"href":"https:\/\/jatkasaarenroori.fi\/sv\/wp-json\/wp\/v2\/pages\/433"}],"wp:attachment":[{"href":"https:\/\/jatkasaarenroori.fi\/sv\/wp-json\/wp\/v2\/media?parent=539"}],"curies":[{"name":"wp","href":"https:\/\/api.w.org\/{rel}","templated":true}]}}