{"id":392,"date":"2012-05-22T13:58:52","date_gmt":"2012-05-22T10:58:52","guid":{"rendered":"http:\/\/dev.imu.solidangle.fi\/etusivu\/ta-hand-om-rore\/muut-jatteet\/"},"modified":"2021-10-11T09:01:29","modified_gmt":"2021-10-11T06:01:29","slug":"ovrigt-avfall","status":"publish","type":"page","link":"https:\/\/jatkasaarenroori.fi\/sv\/forstasida\/ovrigt-avfall\/","title":{"rendered":"Sorteringsrum"},"content":{"rendered":"<p>Busholmens inv\u00e5nare delar p\u00e5 sex sorteringsrum och tv\u00e5 tillf\u00e4lliga sorteringscontainrar. Dessa sorteringspunkter \u00e4r avsedda f\u00f6r avfall fr\u00e5n normalt boende som inte passar i avfallsr\u00f6ret.<\/p>\n<ul>\n<li><strong>STORT BLANDAVFALL<\/strong>: mattor, p\u00e4rmar, leksaker, sm\u00e5 tr\u00e4- och plastprodukter i hemmet etc.<\/li>\n<li><strong>GLAS<\/strong>: l\u00f6sa burkar, flaskor och f\u00f6rpackningar.<\/li>\n<li><strong>METALL<\/strong>: l\u00f6sa burkar, f\u00f6rpackningar och sm\u00e5 metallf\u00f6rem\u00e5l.<\/li>\n<li><strong>STORA KARTONGER<\/strong>: v\u00e4l vikta pizza- och f\u00f6rpackningsl\u00e5dor.<\/li>\n<\/ul>\n<p>HA INTE med till sorteringsrummet m\u00f6bler, madrasser, lastpallar, armaturer och s\u00e5 vidare.<\/p>\n<p><a href=\"http:\/\/wp20.hostingpalvelu.fi\/~jatkasa3\/sv\/forstasida\/sorteringsrum\/\"><strong>Sorteringsrum &gt;&gt;<\/strong><\/a><\/p>\n","protected":false},"excerpt":{"rendered":"<p>Busholmens inv\u00e5nare delar p\u00e5 sex sorteringsrum och tv\u00e5 tillf\u00e4lliga sorteringscontainrar. Dessa sorteringspunkter \u00e4r avsedda f\u00f6r avfall fr\u00e5n normalt boende som inte passar i avfallsr\u00f6ret. STORT\u2026<\/p>\n","protected":false},"author":18,"featured_media":0,"parent":248,"menu_order":3,"comment_status":"closed","ping_status":"closed","template":"","meta":{"_acf_changed":false,"footnotes":""},"class_list":["post-392","page","type-page","status-publish","hentry"],"acf":[],"_links":{"self":[{"href":"https:\/\/jatkasaarenroori.fi\/sv\/wp-json\/wp\/v2\/pages\/392","targetHints":{"allow":["GET"]}}],"collection":[{"href":"https:\/\/jatkasaarenroori.fi\/sv\/wp-json\/wp\/v2\/pages"}],"about":[{"href":"https:\/\/jatkasaarenroori.fi\/sv\/wp-json\/wp\/v2\/types\/page"}],"author":[{"embeddable":true,"href":"https:\/\/jatkasaarenroori.fi\/sv\/wp-json\/wp\/v2\/users\/18"}],"replies":[{"embeddable":true,"href":"https:\/\/jatkasaarenroori.fi\/sv\/wp-json\/wp\/v2\/comments?post=392"}],"version-history":[{"count":5,"href":"https:\/\/jatkasaarenroori.fi\/sv\/wp-json\/wp\/v2\/pages\/392\/revisions"}],"predecessor-version":[{"id":2843,"href":"https:\/\/jatkasaarenroori.fi\/sv\/wp-json\/wp\/v2\/pages\/392\/revisions\/2843"}],"up":[{"embeddable":true,"href":"https:\/\/jatkasaarenroori.fi\/sv\/wp-json\/wp\/v2\/pages\/248"}],"wp:attachment":[{"href":"https:\/\/jatkasaarenroori.fi\/sv\/wp-json\/wp\/v2\/media?parent=392"}],"curies":[{"name":"wp","href":"https:\/\/api.w.org\/{rel}","templated":true}]}}