{"id":299,"date":"2012-05-22T13:36:57","date_gmt":"2012-05-22T10:36:57","guid":{"rendered":"http:\/\/dev.imu.solidangle.fi\/etusivu\/nyt-saa-luukuttaa\/"},"modified":"2018-10-24T16:42:57","modified_gmt":"2018-10-24T13:42:57","slug":"nyt-saa-luukuttaa","status":"publish","type":"page","link":"https:\/\/jatkasaarenroori.fi\/sv\/forstasida\/nyt-saa-luukuttaa\/","title":{"rendered":"Vi kan l\u00f6sa det!"},"content":{"rendered":"<p>R\u00e4tt sortering av avfall \u00e4r a och o. Det finns fem olika luckor f\u00f6r avfall \u2013 blanda inte ihop dem! Sunt f\u00f6rnuft \u00e4r det enda verktyget som beh\u00f6vs.<\/p>\n<p>Nedan \u00e4r en snabbguide f\u00f6r en gr\u00f6nare framtid \u2013 snart \u00e4r du en m\u00e4stare p\u00e5 \u00e5tervinning!<\/p>\n","protected":false},"excerpt":{"rendered":"<p>R\u00e4tt sortering av avfall \u00e4r a och o. Det finns fem olika luckor f\u00f6r avfall \u2013 blanda inte ihop dem! Sunt f\u00f6rnuft \u00e4r det enda\u2026<\/p>\n","protected":false},"author":18,"featured_media":0,"parent":248,"menu_order":0,"comment_status":"closed","ping_status":"closed","template":"","meta":{"_acf_changed":false,"footnotes":""},"class_list":["post-299","page","type-page","status-publish","hentry"],"acf":[],"_links":{"self":[{"href":"https:\/\/jatkasaarenroori.fi\/sv\/wp-json\/wp\/v2\/pages\/299","targetHints":{"allow":["GET"]}}],"collection":[{"href":"https:\/\/jatkasaarenroori.fi\/sv\/wp-json\/wp\/v2\/pages"}],"about":[{"href":"https:\/\/jatkasaarenroori.fi\/sv\/wp-json\/wp\/v2\/types\/page"}],"author":[{"embeddable":true,"href":"https:\/\/jatkasaarenroori.fi\/sv\/wp-json\/wp\/v2\/users\/18"}],"replies":[{"embeddable":true,"href":"https:\/\/jatkasaarenroori.fi\/sv\/wp-json\/wp\/v2\/comments?post=299"}],"version-history":[{"count":5,"href":"https:\/\/jatkasaarenroori.fi\/sv\/wp-json\/wp\/v2\/pages\/299\/revisions"}],"predecessor-version":[{"id":1746,"href":"https:\/\/jatkasaarenroori.fi\/sv\/wp-json\/wp\/v2\/pages\/299\/revisions\/1746"}],"up":[{"embeddable":true,"href":"https:\/\/jatkasaarenroori.fi\/sv\/wp-json\/wp\/v2\/pages\/248"}],"wp:attachment":[{"href":"https:\/\/jatkasaarenroori.fi\/sv\/wp-json\/wp\/v2\/media?parent=299"}],"curies":[{"name":"wp","href":"https:\/\/api.w.org\/{rel}","templated":true}]}}