{"id":292,"date":"2012-05-22T13:52:44","date_gmt":"2012-05-22T10:52:44","guid":{"rendered":"http:\/\/dev.imu.solidangle.fi\/lajittelu-kotona-2\/"},"modified":"2018-10-24T16:56:12","modified_gmt":"2018-10-24T13:56:12","slug":"sortening-hemm","status":"publish","type":"page","link":"https:\/\/jatkasaarenroori.fi\/sv\/forstasida\/ta-hand-om-rore\/sortening-hemm\/","title":{"rendered":"Sortering hemma"},"content":{"rendered":"<p>Sortering av avfall i hemmet \u00e4r utg\u00e5ngspunkten f\u00f6r en effektiv \u00e5tervinning. T\u00e4nk p\u00e5 de olika grupperna av avfall d\u00e5 du bygger upp ett l\u00e4mpligt sorteringssystem hemma. Kom ih\u00e5g att ocks\u00e5 sortera det avfall som inte passar in i r\u00f6ren \u2013 sorteringsrummet finns till f\u00f6r det.<\/p>\n<ul>\n<li><strong>Bioavfall<\/strong> &#8211; Anv\u00e4nd p\u00e5sar avsedda f\u00f6r bioavfall \u2013 slut p\u00e5sen omsorgsfullt.<\/li>\n<li><strong>Papper<\/strong> &#8211; L\u00e4gg dem inte i bruna pappers- eller plastp\u00e5sar.<\/li>\n<li><strong>Kartong<\/strong> &#8211; Sk\u00f6lj kartongerna som inneh\u00e5llit v\u00e4tska efter anv\u00e4ndning, platta till och placera inuti varandra.<\/li>\n<li><strong>Blandavfall<\/strong> &#8211; En vanlig plastp\u00e5se l\u00e4mpar sig v\u00e4l \u2013 men l\u00e4mna en tredjedel (1\/3) av p\u00e5sen tom och slut p\u00e5sen ordentligt.<\/li>\n<li><strong>Plastf\u00f6rpackningar<\/strong>\u00a0&#8211; Sk\u00f6lj snabbt av tomma plastf\u00f6rpackningar. Korkar, lock och pumpdelar separat.<\/li>\n<\/ul>\n","protected":false},"excerpt":{"rendered":"<p>Sortering av avfall i hemmet \u00e4r utg\u00e5ngspunkten f\u00f6r en effektiv \u00e5tervinning. T\u00e4nk p\u00e5 de olika grupperna av avfall d\u00e5 du bygger upp ett l\u00e4mpligt sorteringssystem\u2026<\/p>\n","protected":false},"author":18,"featured_media":0,"parent":367,"menu_order":1,"comment_status":"closed","ping_status":"closed","template":"","meta":{"_acf_changed":false,"footnotes":""},"class_list":["post-292","page","type-page","status-publish","hentry"],"acf":[],"_links":{"self":[{"href":"https:\/\/jatkasaarenroori.fi\/sv\/wp-json\/wp\/v2\/pages\/292","targetHints":{"allow":["GET"]}}],"collection":[{"href":"https:\/\/jatkasaarenroori.fi\/sv\/wp-json\/wp\/v2\/pages"}],"about":[{"href":"https:\/\/jatkasaarenroori.fi\/sv\/wp-json\/wp\/v2\/types\/page"}],"author":[{"embeddable":true,"href":"https:\/\/jatkasaarenroori.fi\/sv\/wp-json\/wp\/v2\/users\/18"}],"replies":[{"embeddable":true,"href":"https:\/\/jatkasaarenroori.fi\/sv\/wp-json\/wp\/v2\/comments?post=292"}],"version-history":[{"count":5,"href":"https:\/\/jatkasaarenroori.fi\/sv\/wp-json\/wp\/v2\/pages\/292\/revisions"}],"predecessor-version":[{"id":1758,"href":"https:\/\/jatkasaarenroori.fi\/sv\/wp-json\/wp\/v2\/pages\/292\/revisions\/1758"}],"up":[{"embeddable":true,"href":"https:\/\/jatkasaarenroori.fi\/sv\/wp-json\/wp\/v2\/pages\/367"}],"wp:attachment":[{"href":"https:\/\/jatkasaarenroori.fi\/sv\/wp-json\/wp\/v2\/media?parent=292"}],"curies":[{"name":"wp","href":"https:\/\/api.w.org\/{rel}","templated":true}]}}