{"id":2831,"date":"2021-10-11T08:51:31","date_gmt":"2021-10-11T05:51:31","guid":{"rendered":"https:\/\/jatkasaarenroori.fi\/?page_id=2831"},"modified":"2025-06-19T14:49:44","modified_gmt":"2025-06-19T11:49:44","slug":"sorteringsrum","status":"publish","type":"page","link":"https:\/\/jatkasaarenroori.fi\/sv\/forstasida\/sorteringsrum\/","title":{"rendered":"Sorteringsrum"},"content":{"rendered":"<p><a href=\"http:\/\/wp20.hostingpalvelu.fi\/~jatkasa3\/wp-content\/uploads\/2020\/04\/roori-lajitteluhuone-1080.jpg\"><img loading=\"lazy\" decoding=\"async\" class=\"alignnone size-large wp-image-2476\" src=\"http:\/\/wp20.hostingpalvelu.fi\/~jatkasa3\/wp-content\/uploads\/2020\/04\/roori-lajitteluhuone-1080-1024x660.jpg\" alt=\"\" width=\"640\" height=\"413\" srcset=\"https:\/\/jatkasaarenroori.fi\/wp-content\/uploads\/2020\/04\/roori-lajitteluhuone-1080-1024x660.jpg 1024w, https:\/\/jatkasaarenroori.fi\/wp-content\/uploads\/2020\/04\/roori-lajitteluhuone-1080-300x193.jpg 300w, https:\/\/jatkasaarenroori.fi\/wp-content\/uploads\/2020\/04\/roori-lajitteluhuone-1080-768x495.jpg 768w, https:\/\/jatkasaarenroori.fi\/wp-content\/uploads\/2020\/04\/roori-lajitteluhuone-1080-460x296.jpg 460w, https:\/\/jatkasaarenroori.fi\/wp-content\/uploads\/2020\/04\/roori-lajitteluhuone-1080-559x360.jpg 559w, https:\/\/jatkasaarenroori.fi\/wp-content\/uploads\/2020\/04\/roori-lajitteluhuone-1080-940x606.jpg 940w, https:\/\/jatkasaarenroori.fi\/wp-content\/uploads\/2020\/04\/roori-lajitteluhuone-1080-440x284.jpg 440w, https:\/\/jatkasaarenroori.fi\/wp-content\/uploads\/2020\/04\/roori-lajitteluhuone-1080.jpg 1080w\" sizes=\"auto, (max-width: 640px) 100vw, 640px\" \/><\/a><\/p>\n<p>Busholmens inv\u00e5nare delar p\u00e5 \u00e5tta sorteringsrum, tv\u00e5 tillf\u00e4lliga sorteringscontainrar och en tillf\u00e4llig avfallssorteringspunkt. Dessa sorteringspunkter \u00e4r avsedda f\u00f6r avfall fr\u00e5n normalt boende som inte passar i avfallsr\u00f6ret.<\/p>\n<h3><strong>Material som samlas i beh\u00e5llare i sorteringsrummet och t\u00f6mning av beh\u00e5llarna:<\/strong><\/h3>\n<table style=\"height: 546px;\" width=\"989\">\n<tbody>\n<tr>\n<td width=\"128\"><strong>Sorteringsrum<\/strong><\/td>\n<td width=\"128\"><strong>Stort blandavfall<\/strong><\/td>\n<td width=\"128\"><strong>Stor kartong<\/strong><\/td>\n<td width=\"128\"><strong>Glas<\/strong><\/td>\n<td width=\"128\"><strong>Metall<\/strong><\/td>\n<\/tr>\n<tr>\n<td width=\"128\">Kap Hornsgatan 1<\/td>\n<td width=\"128\">m\u00e5n., ons., fre., l\u00f6r.<\/td>\n<td width=\"128\">m\u00e5n., ons., tors., fre.<\/td>\n<td width=\"128\">fredag<\/td>\n<td width=\"128\">fredag<\/td>\n<\/tr>\n<tr>\n<td width=\"128\">Godahoppsgatan 8<\/td>\n<td width=\"128\">m\u00e5n., ons., fre., l\u00f6r.<\/td>\n<td width=\"128\">m\u00e5n., ons., tors., fre.<\/td>\n<td width=\"128\">fredag<\/td>\n<td width=\"128\">fredag<\/td>\n<\/tr>\n<tr>\n<td width=\"128\">Livornogatan 3<\/td>\n<td width=\"128\">m\u00e5n.-l\u00f6r.<\/td>\n<td width=\"128\">m\u00e5n., ons., tors., fre.<\/td>\n<td width=\"128\">fredag<\/td>\n<td width=\"128\">fredag<\/td>\n<\/tr>\n<tr>\n<td width=\"128\">Skeppsgossegatan 1B<\/td>\n<td width=\"128\">m\u00e5n., ons., fre.<\/td>\n<td width=\"128\">m\u00e5n., ons., fre.<\/td>\n<td width=\"128\">fredag<\/td>\n<td width=\"128\">fredag<\/td>\n<\/tr>\n<tr>\n<td width=\"128\">Bahamasgatan 5<\/td>\n<td width=\"128\">m\u00e5n., ons., fre., l\u00f6r.<\/td>\n<td width=\"128\">m\u00e5n., ons., tors., fre.<\/td>\n<td width=\"128\">fredag<\/td>\n<td width=\"128\">fredag<\/td>\n<\/tr>\n<tr>\n<td width=\"128\">Azorergr\u00e4nden 1<\/td>\n<td width=\"128\">m\u00e5n., ons., fre.<\/td>\n<td width=\"128\">m\u00e5n., ons., tors., fre.<\/td>\n<td width=\"128\">fredag<\/td>\n<td width=\"128\">fredag<\/td>\n<\/tr>\n<tr>\n<td width=\"128\">Kubagatan 2<\/td>\n<td width=\"128\">m\u00e5n., ons., fre.<\/td>\n<td width=\"128\">m\u00e5n., ons., fre.<\/td>\n<td width=\"128\">fredag<\/td>\n<td width=\"128\">fredag<\/td>\n<\/tr>\n<tr>\n<td width=\"128\">V\u00e4strahamnsgatan 18<\/td>\n<td width=\"128\">m\u00e5n., ons., fre.<\/td>\n<td width=\"128\">m\u00e5n., ons., fre.<\/td>\n<td width=\"128\">fredag (tv\u00e5 g\u00e5nger i m\u00e5naden)<\/td>\n<td width=\"128\">fredag (tv\u00e5 g\u00e5nger i m\u00e5naden)<\/td>\n<\/tr>\n<tr>\n<td width=\"128\">V\u00e4strahamnsgatan 37<\/td>\n<td width=\"128\">m\u00e5n., ons., fre., l\u00f6r.<\/td>\n<td width=\"128\">m\u00e5n., ons., tors., fre.<\/td>\n<td width=\"128\">fredag<\/td>\n<td width=\"128\">fredag<\/td>\n<\/tr>\n<tr>\n<td width=\"128\">Atlantgatan 15<\/td>\n<td width=\"128\">m\u00e5n., ons., fre.<\/td>\n<td width=\"128\">m\u00e5n., ons., fre.<\/td>\n<td width=\"128\">fredag<\/td>\n<td width=\"128\">fredag<\/td>\n<\/tr>\n<tr>\n<td width=\"128\">R\u00d6\u00d6RI-container (v\u00e4ndplats f\u00f6r sp\u00e5rvagnar)<\/td>\n<td width=\"128\">m\u00e5n., ons., fre.<\/td>\n<td width=\"128\">m\u00e5n., ons., tors., fre.<\/td>\n<td width=\"128\">fredag<\/td>\n<td width=\"128\">fredag<\/td>\n<\/tr>\n<tr>\n<td width=\"128\">R\u00d6\u00d6RI-container (Sandholmsgr\u00e4nden 14)<\/td>\n<td width=\"128\">tors.<\/td>\n<td width=\"128\">m\u00e5n., tors.<\/td>\n<td width=\"128\">fredag<\/td>\n<td width=\"128\">fredag<\/td>\n<\/tr>\n<\/tbody>\n<\/table>\n<table width=\"923\">\n<tbody>\n<tr>\n<td width=\"128\">Avfallssorteringspunkt (Skeppsgosseplatsen)<\/td>\n<td width=\"128\">&#8211;<\/td>\n<td width=\"128\">onsdag<\/td>\n<td width=\"128\">tisdag (en g\u00e5ng i m\u00e5naden)<\/td>\n<td width=\"128\">tisdag (en g\u00e5ng i m\u00e5naden)<\/td>\n<\/tr>\n<\/tbody>\n<\/table>\n<ul>\n<li><strong>STORT BLANDAVFALL<\/strong>: mattor, p\u00e4rmar, leksaker, sm\u00e5 tr\u00e4- och plastprodukter i hemmet etc.<\/li>\n<li><strong>GLAS<\/strong>: l\u00f6sa burkar, flaskor och f\u00f6rpackningar.<\/li>\n<li><strong>METALL<\/strong>: l\u00f6sa burkar, f\u00f6rpackningar och sm\u00e5 metallf\u00f6rem\u00e5l.<\/li>\n<li><strong>STOR KARTONG<\/strong>: v\u00e4l vikta pizza- och f\u00f6rpackningsl\u00e5dor.<\/li>\n<\/ul>\n<p><span style=\"color: #339966;\"><strong>Tack f\u00f6r att du packar allt avfall, s\u00e4rskilt kartong, t\u00e4tt i beh\u00e5llare.<\/strong><\/span><\/p>\n<p>Sorteringsrummen st\u00e4das en g\u00e5ng i veckan, under helgen.<\/p>\n<hr \/>\n<p><span style=\"color: #ff0000;\">Det kommer s\u00e5 mycket avfall in i sorteringsrummen att HRM f\u00f6r n\u00e4rvarande inte kan t\u00f6mma dem tillr\u00e4ckligt snabbt. Det \u00e4r d\u00e4rf\u00f6r mycket viktigt att endast avfall som h\u00f6r till sorteringsrummet tas dit och att avfallet packas ordentligt i beh\u00e5llarna.<\/span><\/p>\n<hr \/>\n<h3><strong>HA INTE med till sorteringsrummet:<\/strong><\/h3>\n<ul>\n<li>material som passar fr\u00e5n luckan i R\u00f6\u00f6ri-r\u00f6ret,\u00a0p\u00e5sar med blandavfall h\u00f6r inte hemma i sorteringsrummet.<\/li>\n<li>m\u00f6bler, madrasser, lastpallar, armaturer<\/li>\n<li>f\u00f6nster- och spegelglas h\u00f6r inte hemma i glasinsamlingen<\/li>\n<li>elapparatskrot, batterier, lampor<\/li>\n<\/ul>\n<p>Ta skrotet <a href=\"https:\/\/www.hsy.fi\/sv\/avfall-och-atervinning\/sortti-stationerna\/\">till Sortti-stationen<\/a>, R\u00f6\u00f6ris \u00e5tervinningsdags insamling och anv\u00e4ndbara produkter till <a href=\"https:\/\/www.kierratyskeskus.fi\/myymalat_ja_palvelut\">\u00c5tervinningscentralen<\/a>.<\/p>\n<p>&nbsp;<\/p>\n<h2>R\u00d6\u00d6RI sorteringsrum och sorteringscontainrar p\u00e5 kartan<\/h2>\n\n<h3><strong>Sorteringsrummen finns p\u00e5 adressen:<\/strong><\/h3>\n<ul>\n<li>Kap Hornsgatan 1, 00220 H:fors | d\u00f6rr\u00f6ppning: R\u00d6\u00d6RI-nyckeln<\/li>\n<li>Godahoppsgatan 8, 00220 H:fors | d\u00f6rr\u00f6ppning: R\u00d6\u00d6RI-nyckeln<\/li>\n<li>Livornogatan 3, 00220 H:fors | d\u00f6rr\u00f6ppning: R\u00d6\u00d6RI-nyckeln<\/li>\n<li>Skeppsgossegatan 1 B (Medelhavsgatan 3), 00220 H:fors | d\u00f6rrkod f\u00f6r \u00f6ppning: 3030A<\/li>\n<li>Bahamasgatan 5, 00220 H:fors | d\u00f6rr\u00f6ppning: R\u00d6\u00d6RI-nyckeln<\/li>\n<li>Azorergr\u00e4nden 1, 00220 H:fors | d\u00f6rr\u00f6ppning: R\u00d6\u00d6RI-nyckeln<\/li>\n<li>Kubagatan, 00220 H:fors | d\u00f6rr\u00f6ppning: R\u00d6\u00d6RI-nyckeln<\/li>\n<li>V\u00e4strahamnsgatan 18, 00220 H:fors | d\u00f6rr\u00f6ppning: R\u00d6\u00d6RI-nyckeln<\/li>\n<li>V\u00e4strahamnsgatan 37, 00220 H:fors | d\u00f6rr\u00f6ppning: R\u00d6\u00d6RI-nyckeln<\/li>\n<li>Atlantgatan 15, 00220 H:fors | d\u00f6rr\u00f6ppning: R\u00d6\u00d6RI-nyckeln<\/li>\n<\/ul>\n<p>Nya sorteringsrum tas i bruk i omr\u00e5det n\u00e4r Busholmen byggs vidare.<\/p>\n<h3><strong>Sorteringscontainrar finns p\u00e5 adressen:<\/strong><\/h3>\n<ul>\n<li>V\u00e4strahamnsgatan, 00220 H:fors (v\u00e4ndplats f\u00f6r sp\u00e5rvagnar) | d\u00f6rrkod f\u00f6r \u00f6ppning: 1010<\/li>\n<li>Sandholmsgr\u00e4nden 14, 00220 H:fors | d\u00f6rrkod f\u00f6r \u00f6ppning: 2020<\/li>\n<li>Skeppsgosseplatsen, 00220 H:fors<\/li>\n<\/ul>\n<p>Sorteringscontainrar \u00e4r en tillf\u00e4llig l\u00f6sning och kommer att ers\u00e4ttas med sorteringsrum n\u00e4r Busholmen byggs vidare.<\/p>\n<div id=\"attachment_1514\" style=\"width: 650px\" class=\"wp-caption alignnone\"><a href=\"http:\/\/wp20.hostingpalvelu.fi\/~jatkasa3\/wp-content\/uploads\/2016\/05\/DSC_0030.jpg\"><img loading=\"lazy\" decoding=\"async\" aria-describedby=\"caption-attachment-1514\" class=\"size-large wp-image-1514\" src=\"http:\/\/wp20.hostingpalvelu.fi\/~jatkasa3\/wp-content\/uploads\/2016\/05\/DSC_0030-1024x685.jpg\" alt=\"\" width=\"640\" height=\"428\" srcset=\"https:\/\/jatkasaarenroori.fi\/wp-content\/uploads\/2016\/05\/DSC_0030-1024x685.jpg 1024w, https:\/\/jatkasaarenroori.fi\/wp-content\/uploads\/2016\/05\/DSC_0030-300x201.jpg 300w, https:\/\/jatkasaarenroori.fi\/wp-content\/uploads\/2016\/05\/DSC_0030-768x514.jpg 768w, https:\/\/jatkasaarenroori.fi\/wp-content\/uploads\/2016\/05\/DSC_0030-456x305.jpg 456w, https:\/\/jatkasaarenroori.fi\/wp-content\/uploads\/2016\/05\/DSC_0030-538x360.jpg 538w\" sizes=\"auto, (max-width: 640px) 100vw, 640px\" \/><\/a><p id=\"caption-attachment-1514\" class=\"wp-caption-text\">R\u00d6\u00d6RI-container<\/p><\/div>\n","protected":false},"excerpt":{"rendered":"<p>Busholmens inv\u00e5nare delar p\u00e5 \u00e5tta sorteringsrum, tv\u00e5 tillf\u00e4lliga sorteringscontainrar och en tillf\u00e4llig avfallssorteringspunkt. Dessa sorteringspunkter \u00e4r avsedda f\u00f6r avfall fr\u00e5n normalt boende som inte passar\u2026<\/p>\n","protected":false},"author":10,"featured_media":0,"parent":248,"menu_order":4,"comment_status":"closed","ping_status":"closed","template":"full-width-page.php","meta":{"_acf_changed":false,"footnotes":""},"class_list":["post-2831","page","type-page","status-publish","hentry"],"acf":[],"_links":{"self":[{"href":"https:\/\/jatkasaarenroori.fi\/sv\/wp-json\/wp\/v2\/pages\/2831","targetHints":{"allow":["GET"]}}],"collection":[{"href":"https:\/\/jatkasaarenroori.fi\/sv\/wp-json\/wp\/v2\/pages"}],"about":[{"href":"https:\/\/jatkasaarenroori.fi\/sv\/wp-json\/wp\/v2\/types\/page"}],"author":[{"embeddable":true,"href":"https:\/\/jatkasaarenroori.fi\/sv\/wp-json\/wp\/v2\/users\/10"}],"replies":[{"embeddable":true,"href":"https:\/\/jatkasaarenroori.fi\/sv\/wp-json\/wp\/v2\/comments?post=2831"}],"version-history":[{"count":19,"href":"https:\/\/jatkasaarenroori.fi\/sv\/wp-json\/wp\/v2\/pages\/2831\/revisions"}],"predecessor-version":[{"id":3432,"href":"https:\/\/jatkasaarenroori.fi\/sv\/wp-json\/wp\/v2\/pages\/2831\/revisions\/3432"}],"up":[{"embeddable":true,"href":"https:\/\/jatkasaarenroori.fi\/sv\/wp-json\/wp\/v2\/pages\/248"}],"wp:attachment":[{"href":"https:\/\/jatkasaarenroori.fi\/sv\/wp-json\/wp\/v2\/media?parent=2831"}],"curies":[{"name":"wp","href":"https:\/\/api.w.org\/{rel}","templated":true}]}}