{"id":1479,"date":"2016-03-30T15:23:13","date_gmt":"2016-03-30T12:23:13","guid":{"rendered":"http:\/\/139.162.132.246\/~jatkasaarenroori\/sv\/?page_id=1479"},"modified":"2026-03-27T12:39:39","modified_gmt":"2026-03-27T10:39:39","slug":"kontakt","status":"publish","type":"page","link":"https:\/\/jatkasaarenroori.fi\/sv\/kontakt\/","title":{"rendered":"Kontakt"},"content":{"rendered":"<p>Caverion Suomi \u00f6vervakar avfallssystemets funktion p\u00e5 sitt centrala kontrollrum dygnet runt. Ifall systemet inte fungerar som det ska \u2013 t.ex. insamlingspunktens lucka g\u00e5r inte att \u00f6ppna, inmatningsst\u00e4llet \u00e4r fullt, eller n\u00e5gon annan akut st\u00f6rning \u2013 ring helpdesken (m\u00e5n-fre 8-20, l\u00f6r 9-18).<\/p>\n<p>Ifall du annars vill ge respons, eller om st\u00f6rningen inte \u00e4r s\u00e5 akut att den skulle kr\u00e4va omedelbara \u00e5tg\u00e4rder, kan du skicka respons med formul\u00e4ret intill. Responsen kan behandlas snabbare om du kryssar i en av alternativen ovanf\u00f6r formul\u00e4ret.<\/p>\n<h2>Helpdesk 010 4079793<\/h2>\n<p><strong>M\u00e5ndag-fredag 08.00-20.00<\/strong><br \/>\n<strong>L\u00f6rdag 09.00-18.00<\/strong><\/p>\n<h2>Faktureringsadress<\/h2>\n<p>J\u00e4tk\u00e4saaren j\u00e4tteen putkiker\u00e4ys Oy, PL 58198, 01051 LASKUT<\/p>\n<p>E-fakturering: 003723463198, OpenText 003708599126<\/p>\n<h3>J\u00e4tk\u00e4saaren j\u00e4tteen putkiker\u00e4ys Oy<\/h3>\n<ul id=\"contacts\" class=\"vcard\">\n<li class=\"street-address odd\"><span class=\"noclass\">Adress\u00a0 <\/span>PB 79, 00241 Helsingfors<\/li>\n<li class=\"tel even\"><span class=\"noclass\">FO-nummer<\/span>2346322-8<\/li>\n<li class=\"tel odd\"><span class=\"noclass\">Vd.<\/span>Jouni Spets<\/li>\n<li class=\"tel even\"><span class=\"noclass\">Helpdesk<\/span>010 4079793<\/li>\n<li class=\"tel odd\"><span class=\"noclass\">E-postadress<\/span><\/li>\n<\/ul>\n","protected":false},"excerpt":{"rendered":"<p>Caverion Suomi \u00f6vervakar avfallssystemets funktion p\u00e5 sitt centrala kontrollrum dygnet runt. Ifall systemet inte fungerar som det ska \u2013 t.ex. insamlingspunktens lucka g\u00e5r inte att\u2026<\/p>\n","protected":false},"author":18,"featured_media":0,"parent":0,"menu_order":0,"comment_status":"closed","ping_status":"closed","template":"page-contact.php","meta":{"_acf_changed":false,"footnotes":""},"class_list":["post-1479","page","type-page","status-publish","hentry"],"acf":[],"_links":{"self":[{"href":"https:\/\/jatkasaarenroori.fi\/sv\/wp-json\/wp\/v2\/pages\/1479","targetHints":{"allow":["GET"]}}],"collection":[{"href":"https:\/\/jatkasaarenroori.fi\/sv\/wp-json\/wp\/v2\/pages"}],"about":[{"href":"https:\/\/jatkasaarenroori.fi\/sv\/wp-json\/wp\/v2\/types\/page"}],"author":[{"embeddable":true,"href":"https:\/\/jatkasaarenroori.fi\/sv\/wp-json\/wp\/v2\/users\/18"}],"replies":[{"embeddable":true,"href":"https:\/\/jatkasaarenroori.fi\/sv\/wp-json\/wp\/v2\/comments?post=1479"}],"version-history":[{"count":10,"href":"https:\/\/jatkasaarenroori.fi\/sv\/wp-json\/wp\/v2\/pages\/1479\/revisions"}],"predecessor-version":[{"id":3368,"href":"https:\/\/jatkasaarenroori.fi\/sv\/wp-json\/wp\/v2\/pages\/1479\/revisions\/3368"}],"wp:attachment":[{"href":"https:\/\/jatkasaarenroori.fi\/sv\/wp-json\/wp\/v2\/media?parent=1479"}],"curies":[{"name":"wp","href":"https:\/\/api.w.org\/{rel}","templated":true}]}}