{"id":537,"date":"2012-06-27T12:30:13","date_gmt":"2012-06-27T09:30:13","guid":{"rendered":"http:\/\/dev.imu.solidangle.fi\/?page_id=537"},"modified":"2020-10-20T12:12:30","modified_gmt":"2020-10-20T09:12:30","slug":"register-description","status":"publish","type":"page","link":"https:\/\/jatkasaarenroori.fi\/en\/guides-and-brochures\/register-description\/","title":{"rendered":"Privacy policy"},"content":{"rendered":"<p>Based on EU\u2019s General Data Protection Regulation (GDPR)<br \/>\ndated 20.10.2020<\/p>\n<p><strong>Keeper of the Register<\/strong><\/p>\n<p>J\u00e4tk\u00e4saaren j\u00e4tteen putkiker\u00e4ys Oy (JJPOY)<br \/>\nBusiness ID: 2346319-8<br \/>\nKyllikinportti 2<br \/>\n00240 Helsinki<\/p>\n<p><strong>Contact person for register-related affairs and contact information:<\/strong><br \/>\nJouni Spets,\u00a0Kyllikinportti 2, 00240 Helsinki<br \/>\n(puh. 0405927320)<\/p>\n<p><strong>Name of the register:<\/strong><br \/>\njatkasaarenroori.fi<\/p>\n<p><strong>Reason for keeping a register:<\/strong><br \/>\nThe basis for keeping the register is receiving, processing and communicating customer feedback. The collection of customer feedback is based on customers&#8217; own consent to provide information.<\/p>\n<p><strong>Purpose of the register:<\/strong><br \/>\nReceipt of customer contacts and feedback by e-mail from www.jatkasaarenroori.fi and processing of customer feedback.<\/p>\n<p><strong>Information contained in the register<br \/>\n<\/strong>Customers can provide the following information on the feedback form:<\/p>\n<ul>\n<li style=\"list-style-type: none;\">\n<ul>\n<li>the reason for customer feedback<\/li>\n<li>name<\/li>\n<li>telephone number<\/li>\n<li>e-mail<\/li>\n<li>customer feedback message, ie information provided by the customer himself<\/li>\n<\/ul>\n<\/li>\n<\/ul>\n<p><strong>Designated sources of information<br \/>\n<\/strong>The data source is the information provided by the customer himself. The information stored in the register is mainly obtained from the customer from messages sent using web forms. Information may also be obtained by telephone, through social media services, contracts, customer meetings and other situations in which the customer discloses their information.<\/p>\n<p>Customers can be individuals and companies.<\/p>\n<p><strong>Relinquishing of information<br \/>\n<\/strong>The information provided on the web form will be sent to the e-mail of the registrar and the customer service subcontractor. To use e-mail, you need a username and password.<\/p>\n<p>Depending on the customer feedback received, the information may be passed on to a third party (eg property manager or service center) if the investigation so requires. The information will not be disclosed to third parties unless there is a clear need to do so.<\/p>\n<p><strong>Exercising Rights<br \/>\n<\/strong>Every customer has the right to know what information about him or her has been stored in the database described in this register description, as well as the right to demand the correction of incorrect information, as well as to invoke his or her rights protected by the Personal Data Act.<\/p>\n<p>A user can access his\/her information once in a calendar year for free. Request for access has to be submitted, in written form, to the person in charge of register affairs and the request has to be signed personally. The requested information will be provided in a written format and delivered via mail to the address designated by the customer.<\/p>\n<p><strong>Register protection<br \/>\n<\/strong>Only certain employees of companies acting on behalf of and for JJPOY and JJPOY have the right to use customer feedback information.<\/p>\n<p>Remember that the Internet is not a protected environment and be careful not to disclose information the disclosure of which could cause you mental, financial, or other harm.<\/p>\n","protected":false},"excerpt":{"rendered":"<p>Based on EU\u2019s General Data Protection Regulation (GDPR) dated 20.10.2020 Keeper of the Register J\u00e4tk\u00e4saaren j\u00e4tteen putkiker\u00e4ys Oy (JJPOY) Business ID: 2346319-8 Kyllikinportti 2 00240\u2026<\/p>\n","protected":false},"author":18,"featured_media":0,"parent":432,"menu_order":17,"comment_status":"open","ping_status":"closed","template":"full-width-page.php","meta":{"_acf_changed":false,"footnotes":""},"class_list":["post-537","page","type-page","status-publish","hentry"],"acf":[],"_links":{"self":[{"href":"https:\/\/jatkasaarenroori.fi\/en\/wp-json\/wp\/v2\/pages\/537","targetHints":{"allow":["GET"]}}],"collection":[{"href":"https:\/\/jatkasaarenroori.fi\/en\/wp-json\/wp\/v2\/pages"}],"about":[{"href":"https:\/\/jatkasaarenroori.fi\/en\/wp-json\/wp\/v2\/types\/page"}],"author":[{"embeddable":true,"href":"https:\/\/jatkasaarenroori.fi\/en\/wp-json\/wp\/v2\/users\/18"}],"replies":[{"embeddable":true,"href":"https:\/\/jatkasaarenroori.fi\/en\/wp-json\/wp\/v2\/comments?post=537"}],"version-history":[{"count":5,"href":"https:\/\/jatkasaarenroori.fi\/en\/wp-json\/wp\/v2\/pages\/537\/revisions"}],"predecessor-version":[{"id":2729,"href":"https:\/\/jatkasaarenroori.fi\/en\/wp-json\/wp\/v2\/pages\/537\/revisions\/2729"}],"up":[{"embeddable":true,"href":"https:\/\/jatkasaarenroori.fi\/en\/wp-json\/wp\/v2\/pages\/432"}],"wp:attachment":[{"href":"https:\/\/jatkasaarenroori.fi\/en\/wp-json\/wp\/v2\/media?parent=537"}],"curies":[{"name":"wp","href":"https:\/\/api.w.org\/{rel}","templated":true}]}}