{"id":2816,"date":"2021-09-30T14:40:20","date_gmt":"2021-09-30T11:40:20","guid":{"rendered":"https:\/\/jatkasaarenroori.fi\/?page_id=2816"},"modified":"2025-06-19T14:52:22","modified_gmt":"2025-06-19T11:52:22","slug":"sorting-rooms","status":"publish","type":"page","link":"https:\/\/jatkasaarenroori.fi\/en\/frontpage\/sorting-rooms\/","title":{"rendered":"Sorting rooms"},"content":{"rendered":"<p><a href=\"http:\/\/wp20.hostingpalvelu.fi\/~jatkasa3\/wp-content\/uploads\/2020\/04\/roori-lajitteluhuone-1080.jpg\"><img loading=\"lazy\" decoding=\"async\" class=\"alignnone size-large wp-image-2476\" src=\"http:\/\/wp20.hostingpalvelu.fi\/~jatkasa3\/wp-content\/uploads\/2020\/04\/roori-lajitteluhuone-1080-1024x660.jpg\" alt=\"\" width=\"640\" height=\"413\" srcset=\"https:\/\/jatkasaarenroori.fi\/wp-content\/uploads\/2020\/04\/roori-lajitteluhuone-1080-1024x660.jpg 1024w, https:\/\/jatkasaarenroori.fi\/wp-content\/uploads\/2020\/04\/roori-lajitteluhuone-1080-300x193.jpg 300w, https:\/\/jatkasaarenroori.fi\/wp-content\/uploads\/2020\/04\/roori-lajitteluhuone-1080-768x495.jpg 768w, https:\/\/jatkasaarenroori.fi\/wp-content\/uploads\/2020\/04\/roori-lajitteluhuone-1080-460x296.jpg 460w, https:\/\/jatkasaarenroori.fi\/wp-content\/uploads\/2020\/04\/roori-lajitteluhuone-1080-559x360.jpg 559w, https:\/\/jatkasaarenroori.fi\/wp-content\/uploads\/2020\/04\/roori-lajitteluhuone-1080-940x606.jpg 940w, https:\/\/jatkasaarenroori.fi\/wp-content\/uploads\/2020\/04\/roori-lajitteluhuone-1080-440x284.jpg 440w, https:\/\/jatkasaarenroori.fi\/wp-content\/uploads\/2020\/04\/roori-lajitteluhuone-1080.jpg 1080w\" sizes=\"auto, (max-width: 640px) 100vw, 640px\" \/><\/a><\/p>\n<p>The residents of J\u00e4tk\u00e4saari share eight sorting rooms, two temporary sorting containers and one temporary waste sorting point. These sorting rooms are for household waste that does not fit in the waste pipe.<\/p>\n<h3>Waste that is collected in waste containers and emptying schedule:<\/h3>\n<table style=\"height: 524px;\" width=\"976\">\n<tbody>\n<tr>\n<td width=\"128\"><strong>Sorting room<\/strong><\/td>\n<td width=\"128\"><strong>Large mixed waste<\/strong><\/td>\n<td width=\"128\"><strong>Large cardboard<\/strong><\/td>\n<td width=\"128\"><strong>Glass<\/strong><\/td>\n<td width=\"128\"><strong>Metal<\/strong><\/td>\n<\/tr>\n<tr>\n<td width=\"128\">Kap Hornin katu 1<\/td>\n<td width=\"128\">Mon, Wed, Fri, Sat<\/td>\n<td width=\"128\">Mon, Wed, Thu, Fri<\/td>\n<td width=\"128\">Friday<\/td>\n<td width=\"128\">Friday<\/td>\n<\/tr>\n<tr>\n<td width=\"128\">Hyv\u00e4ntoivonkatu 8<\/td>\n<td width=\"128\">Mon, Wed, Fri, Sat<\/td>\n<td width=\"128\">Mon, Wed, Thu, Fri<\/td>\n<td width=\"128\">Friday<\/td>\n<td width=\"128\">Friday<\/td>\n<\/tr>\n<tr>\n<td width=\"128\">Livornonkatu 3<\/td>\n<td width=\"128\">Mon-Sat<\/td>\n<td width=\"128\">Mon, Wed, Thu, Fri<\/td>\n<td width=\"128\">Friday<\/td>\n<td width=\"128\">Friday<\/td>\n<\/tr>\n<tr>\n<td width=\"128\">Laivapojankatu 1B<\/td>\n<td width=\"128\">Mon, Wed, Fri<\/td>\n<td width=\"128\">Mon, Wed, Fri<\/td>\n<td width=\"128\">Friday<\/td>\n<td width=\"128\">Friday<\/td>\n<\/tr>\n<tr>\n<td width=\"128\">Bahamankatu 5<\/td>\n<td width=\"128\">Mon, Wed, Fri, Sat<\/td>\n<td width=\"128\">Mon, Wed, Thu, Fri<\/td>\n<td width=\"128\">Friday<\/td>\n<td width=\"128\">Friday<\/td>\n<\/tr>\n<tr>\n<td width=\"128\">Azorienkuja 1<\/td>\n<td width=\"128\">Mon, Wed, Fri<\/td>\n<td width=\"128\">Mon, Wed, Thu, Fri<\/td>\n<td width=\"128\">Friday<\/td>\n<td width=\"128\">Friday<\/td>\n<\/tr>\n<tr>\n<td width=\"128\">Kuubankatu 2<\/td>\n<td width=\"128\">Mon, Wed, Fri<\/td>\n<td width=\"128\">Mon, Wed, Fri<\/td>\n<td width=\"128\">Friday<\/td>\n<td width=\"128\">Friday<\/td>\n<\/tr>\n<tr>\n<td width=\"128\">L\u00e4nsisatamankatu 18<\/td>\n<td width=\"128\">Mon, Wed, Fri<\/td>\n<td width=\"128\">Mon, Wed, Fri<\/td>\n<td width=\"128\">Friday (twice a month)<\/td>\n<td width=\"128\">Friday (twice a month)<\/td>\n<\/tr>\n<tr>\n<td width=\"128\">L\u00e4nsisatamankatu 37<\/td>\n<td width=\"128\">Mon, Wed, Fri, Sat<\/td>\n<td width=\"128\">Mon, Wed, Thu, Fri<\/td>\n<td width=\"128\">Friday<\/td>\n<td width=\"128\">Friday<\/td>\n<\/tr>\n<tr>\n<td width=\"128\">Atlantinkatu 15<\/td>\n<td width=\"128\">Mon, Wed, Fri<\/td>\n<td width=\"128\">Mon, Wed, Fri<\/td>\n<td width=\"128\">Friday<\/td>\n<td width=\"128\">Friday<\/td>\n<\/tr>\n<tr>\n<td width=\"128\">R\u00d6\u00d6RI-container (tram turning point)<\/td>\n<td width=\"128\">Mon, Wed, Fri<\/td>\n<td width=\"128\">Mon, Wed, Thu, Fri<\/td>\n<td width=\"128\">Friday<\/td>\n<td width=\"128\">Friday<\/td>\n<\/tr>\n<tr>\n<td width=\"128\">R\u00d6\u00d6RI-container (Hietasaarenkuja 14)<\/td>\n<td width=\"128\">Thu<\/td>\n<td width=\"128\">Mon, Thu<\/td>\n<td width=\"128\">Friday<\/td>\n<td width=\"128\">Friday<\/td>\n<\/tr>\n<\/tbody>\n<\/table>\n<table width=\"923\">\n<tbody>\n<tr>\n<td width=\"128\">Waste sorting point (Laivapojanaukio)<\/td>\n<td width=\"128\">&#8211;<\/td>\n<td width=\"128\">Wednesday<\/td>\n<td width=\"128\">Tuesday (once a month)<\/td>\n<td width=\"128\">Tuesday (once a month)<\/td>\n<\/tr>\n<\/tbody>\n<\/table>\n<ul>\n<li><strong>LARGE MIXED WASTE<\/strong>: carpets, folders, toys, small household products (wooden and plastic), etc.<\/li>\n<li><strong>GLASS<\/strong>: jars, bottles and glass packaging<\/li>\n<li><strong>METAL:<\/strong> cans, metal packaging and small metal items<\/li>\n<li><strong>LARGE CARDBOARD<\/strong>: pizza- and cardboard boxes well folded.<\/li>\n<\/ul>\n<p><strong><span style=\"color: #339966;\">Thank you for packing all your waste, especially cardboard, tightly in containers.<\/span> <\/strong><\/p>\n<p>Sorting rooms are cleaned once a week, during the weekend.<\/p>\n<hr \/>\n<p><span style=\"color: #ff0000;\">There is so much waste coming into the sorting rooms that HSY is currently unable to empty them fast enough. It is therefore very important that only waste that belongs to the sorting room is brought in and packed properly in waste containers.<\/span><\/p>\n<hr \/>\n<p>DO NOT bring into the sorting room:<\/p>\n<ul>\n<li>Waste that fits into the waste pipe, e.g. small mixed waste bags do not belong to the sorting room<\/li>\n<li>Furniture, mattresses, pallets, lamps<\/li>\n<li>Window and mirror glass<\/li>\n<li>Electrical and electronic equipment, batteries, accumulators, lamps<\/li>\n<\/ul>\n<p>Take large waste items to <a href=\"https:\/\/www.hsy.fi\/fi\/asukkaalle\/lajittelujakierratys\/sorttiasemat\/Sivut\/default.aspx\">Sortti-station<\/a> or R\u00f6\u00f6ri Recycling day collection, and reusable items to the <a href=\"https:\/\/www.kierratyskeskus.fi\/myymalat_ja_palvelut\">Recycling Centre<\/a>.<br \/>\nSorting rooms and sorting containers on mapSorting rooms can be found at:<\/p>\n<ul>\n<li>Kap Hornin katu 1, 00220 Hki | R\u00d6\u00d6RI-key<\/li>\n<li>Hyv\u00e4ntoivonkatu 8, 00220 Hki | R\u00d6\u00d6RI-key<\/li>\n<li>Livornonkatu 3, 00220 Hki | R\u00d6\u00d6RI-key<\/li>\n<li>Laivapojankatu 1 B (V\u00e4limerenkatu 3), 00220 Hki | door code: 3030A<\/li>\n<li>Bahamankatu 5, 00220 Hki | R\u00d6\u00d6RI-key<\/li>\n<li>Azorienkuja 1, 00220 Hki | R\u00d6\u00d6RI-key<\/li>\n<li>Kuubankatu, 00220 Hki | R\u00d6\u00d6RI-key<\/li>\n<li>L\u00e4nsisatamankatu 18, 00220 Hki | R\u00d6\u00d6RI-key<\/li>\n<li>L\u00e4nsisatamankatu 37, 00220 Hki | R\u00d6\u00d6RI-key<\/li>\n<li>Atlantinkatu 15, 00220 Hki | R\u00d6\u00d6RI-key<\/li>\n<\/ul>\n<p>New sorting rooms are coming to the area as J\u00e4tk\u00e4saari is built. Sorting containers and sorting point can be found at:<\/p>\n<ul>\n<li>L\u00e4nsisatamankatu, 00220 Hki (tram turning point) | door code: 1010<\/li>\n<li>Hietasaarenkuja 14, 00220 Hki | door code: 2020<\/li>\n<li>Laivapojanaukio, 00220 Hki<\/li>\n<\/ul>\n<p>Sorting containers are a temporary solution and will be replaced by sorting rooms as J\u00e4tk\u00e4saari is built.<\/p>\n<div id=\"attachment_1514\" style=\"width: 650px\" class=\"wp-caption alignnone\"><a href=\"http:\/\/wp20.hostingpalvelu.fi\/~jatkasa3\/wp-content\/uploads\/2016\/05\/DSC_0030.jpg\"><img loading=\"lazy\" decoding=\"async\" aria-describedby=\"caption-attachment-1514\" class=\"size-large wp-image-1514\" src=\"http:\/\/wp20.hostingpalvelu.fi\/~jatkasa3\/wp-content\/uploads\/2016\/05\/DSC_0030-1024x685.jpg\" alt=\"\" width=\"640\" height=\"428\" srcset=\"https:\/\/jatkasaarenroori.fi\/wp-content\/uploads\/2016\/05\/DSC_0030-1024x685.jpg 1024w, https:\/\/jatkasaarenroori.fi\/wp-content\/uploads\/2016\/05\/DSC_0030-300x201.jpg 300w, https:\/\/jatkasaarenroori.fi\/wp-content\/uploads\/2016\/05\/DSC_0030-768x514.jpg 768w, https:\/\/jatkasaarenroori.fi\/wp-content\/uploads\/2016\/05\/DSC_0030-456x305.jpg 456w, https:\/\/jatkasaarenroori.fi\/wp-content\/uploads\/2016\/05\/DSC_0030-538x360.jpg 538w\" sizes=\"auto, (max-width: 640px) 100vw, 640px\" \/><\/a><p id=\"caption-attachment-1514\" class=\"wp-caption-text\">R\u00f6\u00f6ri sorting container<\/p><\/div>\n<table style=\"height: 226px;\" width=\"422\">\n<tbody>\n<tr>\n<td width=\"280\"><\/td>\n<td width=\"151\"><\/td>\n<td width=\"99\"><\/td>\n<td width=\"58\"><\/td>\n<td width=\"62\"><\/td>\n<\/tr>\n<tr>\n<td width=\"280\"><\/td>\n<\/tr>\n<\/tbody>\n<\/table>\n","protected":false},"excerpt":{"rendered":"<p>The residents of J\u00e4tk\u00e4saari share eight sorting rooms, two temporary sorting containers and one temporary waste sorting point. These sorting rooms are for household waste\u2026<\/p>\n","protected":false},"author":10,"featured_media":0,"parent":247,"menu_order":4,"comment_status":"closed","ping_status":"closed","template":"full-width-page.php","meta":{"_acf_changed":false,"footnotes":""},"class_list":["post-2816","page","type-page","status-publish","hentry"],"acf":[],"_links":{"self":[{"href":"https:\/\/jatkasaarenroori.fi\/en\/wp-json\/wp\/v2\/pages\/2816","targetHints":{"allow":["GET"]}}],"collection":[{"href":"https:\/\/jatkasaarenroori.fi\/en\/wp-json\/wp\/v2\/pages"}],"about":[{"href":"https:\/\/jatkasaarenroori.fi\/en\/wp-json\/wp\/v2\/types\/page"}],"author":[{"embeddable":true,"href":"https:\/\/jatkasaarenroori.fi\/en\/wp-json\/wp\/v2\/users\/10"}],"replies":[{"embeddable":true,"href":"https:\/\/jatkasaarenroori.fi\/en\/wp-json\/wp\/v2\/comments?post=2816"}],"version-history":[{"count":18,"href":"https:\/\/jatkasaarenroori.fi\/en\/wp-json\/wp\/v2\/pages\/2816\/revisions"}],"predecessor-version":[{"id":3433,"href":"https:\/\/jatkasaarenroori.fi\/en\/wp-json\/wp\/v2\/pages\/2816\/revisions\/3433"}],"up":[{"embeddable":true,"href":"https:\/\/jatkasaarenroori.fi\/en\/wp-json\/wp\/v2\/pages\/247"}],"wp:attachment":[{"href":"https:\/\/jatkasaarenroori.fi\/en\/wp-json\/wp\/v2\/media?parent=2816"}],"curies":[{"name":"wp","href":"https:\/\/api.w.org\/{rel}","templated":true}]}}