{"id":1477,"date":"2016-03-30T15:22:58","date_gmt":"2016-03-30T12:22:58","guid":{"rendered":"http:\/\/139.162.132.246\/~jatkasaarenroori\/en\/?page_id=1477"},"modified":"2025-04-03T08:53:21","modified_gmt":"2025-04-03T05:53:21","slug":"contact","status":"publish","type":"page","link":"https:\/\/jatkasaarenroori.fi\/en\/contact\/","title":{"rendered":"Contact"},"content":{"rendered":"<p>Caverion Suomi monitors the operation of the waste recycling system 24 hours a day. If there is a malfunction in the system \u2013 for instance, the tube hatch won\u2019t open, the pipe is blocked or there is some other kind of acute situation \u2013 please call the Help Desk number (Mon.-Fri. 8-20, Sat. 9-18)<\/p>\n<p>If you want to give feedback about something that is not so urgent, you can do so by using the attached form. Please note that we will be able to process your feedback faster, if you check one of the topical alternatives listed on the top of the form.<\/p>\n<h2>Help Desk 010 4079793<\/h2>\n<p><strong>Monday-Friday 08.00-20.00<\/strong><br \/>\n<strong>Saturday 09.00-18.00<\/strong><\/p>\n<h2>Invoicing address<\/h2>\n<p>J\u00e4tk\u00e4saaren j\u00e4tteen putkiker\u00e4ys Oy, PL 58198, 01051 LASKUT<\/p>\n<p>E-invoicing: 003723463198, OpenText 003708599126<\/p>\n<h3>J\u00e4tk\u00e4saaren j\u00e4tteen putkiker\u00e4ys Oy<\/h3>\n<ul id=\"contacts\" class=\"vcard\">\n<li class=\"street-address odd\"><span class=\"noclass\">Address<\/span>PL 79, 00241 Helsinki<\/li>\n<li class=\"tel even\"><span class=\"noclass\">Business ID<\/span>2346322-8<\/li>\n<li class=\"tel odd\"><span class=\"noclass\">CEO<\/span>Jouni Spets<\/li>\n<li class=\"tel even\"><span class=\"noclass\">Helpdesk<\/span>010 4079793<\/li>\n<li class=\"tel odd\"><span class=\"noclass\">Email<\/span><\/li>\n<\/ul>\n","protected":false},"excerpt":{"rendered":"<p>Caverion Suomi monitors the operation of the waste recycling system 24 hours a day. If there is a malfunction in the system \u2013 for instance,\u2026<\/p>\n","protected":false},"author":18,"featured_media":0,"parent":0,"menu_order":0,"comment_status":"closed","ping_status":"closed","template":"page-contact.php","meta":{"_acf_changed":false,"footnotes":""},"class_list":["post-1477","page","type-page","status-publish","hentry"],"acf":[],"_links":{"self":[{"href":"https:\/\/jatkasaarenroori.fi\/en\/wp-json\/wp\/v2\/pages\/1477","targetHints":{"allow":["GET"]}}],"collection":[{"href":"https:\/\/jatkasaarenroori.fi\/en\/wp-json\/wp\/v2\/pages"}],"about":[{"href":"https:\/\/jatkasaarenroori.fi\/en\/wp-json\/wp\/v2\/types\/page"}],"author":[{"embeddable":true,"href":"https:\/\/jatkasaarenroori.fi\/en\/wp-json\/wp\/v2\/users\/18"}],"replies":[{"embeddable":true,"href":"https:\/\/jatkasaarenroori.fi\/en\/wp-json\/wp\/v2\/comments?post=1477"}],"version-history":[{"count":12,"href":"https:\/\/jatkasaarenroori.fi\/en\/wp-json\/wp\/v2\/pages\/1477\/revisions"}],"predecessor-version":[{"id":3371,"href":"https:\/\/jatkasaarenroori.fi\/en\/wp-json\/wp\/v2\/pages\/1477\/revisions\/3371"}],"wp:attachment":[{"href":"https:\/\/jatkasaarenroori.fi\/en\/wp-json\/wp\/v2\/media?parent=1477"}],"curies":[{"name":"wp","href":"https:\/\/api.w.org\/{rel}","templated":true}]}}